{"id":1130,"date":"2015-02-23T18:09:00","date_gmt":"2015-02-23T18:09:00","guid":{"rendered":"http:\/\/www.villakuyumculuk.com.tr\/wp\/?page_id=1130"},"modified":"2022-02-18T14:36:03","modified_gmt":"2022-02-18T11:36:03","slug":"hakkimizda","status":"publish","type":"page","link":"https:\/\/www.villakuyumculuk.com.tr\/wp\/hakkimizda\/","title":{"rendered":"Hakk\u0131m\u0131zda"},"content":{"rendered":"<p>Villa D\u00f6viz, 1999 y\u0131l\u0131nda m\u00fc\u015fteri memnuniyetini g\u00f6z \u00f6n\u00fcnde bulundurarak b\u00fcnyesine kuyumculu\u011fu da ekledi. G\u00fcvenilir hizmet anlay\u0131\u015f\u0131n\u0131 ayn\u0131 \u015fekilde devam ettirerek \u00fcr\u00fcn \u00e7e\u015fitlili\u011fini artt\u0131rd\u0131. Kurumsal olarak Villa Kuyumculuk ad\u0131 alt\u0131nda kuyum sekt\u00f6r\u00fcnde de yerini ald\u0131.<\/p>\n<p>\u0130stanbul\u2019da Villa Kuyumcu \u015fubelerini \u015ei\u015fli, Akmerkez, Cevahir AVM, Palladium AVM, Kuyumcukent ve Kapal\u0131\u00e7ar\u015f\u0131\u2019da ziyaret edebilirsiniz.<\/p>\n<p>T\u00fcm alt\u0131n sikke \u00e7e\u015fitleri, kolleksiyon alt\u0131nlar\u0131, \u00f6zel tasar\u0131m g\u00fcm\u00fc\u015f hediyelik e\u015fyalar\u0131, ziynet alt\u0131nlar\u0131, Cumhuriyet alt\u0131nlar\u0131, Re\u015fat alt\u0131nlar\u0131, Chip Alt\u0131nlar, Osmanl\u0131 ve Ankara ikibu\u00e7uk ile be\u015flileri Villa Kuyumcu \u015fubelerimizde bulunmaktad\u0131r.<\/p>\n<p>M\u00fc\u015fterilerimizin talepleri do\u011frultusunda hurda alt\u0131n ve g\u00fcm\u00fc\u015fleri de piyasaya g\u00f6re en iyi oranlarda geri al\u0131m yap\u0131yoruz. Sadece sat\u0131\u015fta degil al\u0131\u015fta da Villa Kuyumculuk fark\u0131n\u0131 hissedeceksiniz. Alt\u0131n ve g\u00fcm\u00fc\u015f hurdalar\u0131n\u0131z\u0131 de\u011ferinde al\u0131m yap\u0131yoruz ve bu nedenle m\u00fc\u015fteri memnuniyeti iddiam\u0131z\u0131 bu konuda da s\u00fcrd\u00fcr\u00fcyoruz.<\/p>\n<p>Villa Kuyumculuk\u2019tan her \u00e7e\u015fit alt\u0131n ve g\u00fcm\u00fc\u015f hediyelik e\u015fya ve tak\u0131lardan olu\u015fan koleksiyonumuzla, \u00f6zel g\u00fcnlerinizde sevdiklerinize hediye alternatifi sunabilirsiniz. De\u011ferli bir hediye alacaksan\u0131z Villa kuyumculuk \u015fubelerini ziyaret etmeden karar vermeyin.<\/p>\n","protected":false},"excerpt":{"rendered":"<p>Villa D\u00f6viz, 1999 y\u0131l\u0131nda m\u00fc\u015fteri memnuniyetini g\u00f6z \u00f6n\u00fcnde bulundurarak b\u00fcnyesine kuyumculu\u011fu da ekledi. G\u00fcvenilir hizmet anlay\u0131\u015f\u0131n\u0131 ayn\u0131 \u015fekilde devam ettirerek \u00fcr\u00fcn \u00e7e\u015fitlili\u011fini artt\u0131rd\u0131. Kurumsal olarak Villa Kuyumculuk ad\u0131 alt\u0131nda kuyum sekt\u00f6r\u00fcnde de yerini ald\u0131. \u0130stanbul\u2019da Villa Kuyumcu \u015fubelerini \u015ei\u015fli, Akmerkez, Cevahir AVM, Palladium AVM, Kuyumcukent ve Kapal\u0131\u00e7ar\u015f\u0131\u2019da ziyaret edebilirsiniz. T\u00fcm alt\u0131n sikke \u00e7e\u015fitleri, kolleksiyon alt\u0131nlar\u0131,<span class=\"excerpt-more\"> [&#8230;]<\/span><\/p>\n","protected":false},"author":1,"featured_media":0,"parent":0,"menu_order":0,"comment_status":"closed","ping_status":"closed","template":"","meta":{"footnotes":""},"class_list":["post-1130","page","type-page","status-publish","hentry"],"_links":{"self":[{"href":"https:\/\/www.villakuyumculuk.com.tr\/wp\/wp-json\/wp\/v2\/pages\/1130","targetHints":{"allow":["GET"]}}],"collection":[{"href":"https:\/\/www.villakuyumculuk.com.tr\/wp\/wp-json\/wp\/v2\/pages"}],"about":[{"href":"https:\/\/www.villakuyumculuk.com.tr\/wp\/wp-json\/wp\/v2\/types\/page"}],"author":[{"embeddable":true,"href":"https:\/\/www.villakuyumculuk.com.tr\/wp\/wp-json\/wp\/v2\/users\/1"}],"replies":[{"embeddable":true,"href":"https:\/\/www.villakuyumculuk.com.tr\/wp\/wp-json\/wp\/v2\/comments?post=1130"}],"version-history":[{"count":43,"href":"https:\/\/www.villakuyumculuk.com.tr\/wp\/wp-json\/wp\/v2\/pages\/1130\/revisions"}],"predecessor-version":[{"id":1782,"href":"https:\/\/www.villakuyumculuk.com.tr\/wp\/wp-json\/wp\/v2\/pages\/1130\/revisions\/1782"}],"wp:attachment":[{"href":"https:\/\/www.villakuyumculuk.com.tr\/wp\/wp-json\/wp\/v2\/media?parent=1130"}],"curies":[{"name":"wp","href":"https:\/\/api.w.org\/{rel}","templated":true}]}}